{"id":25907,"date":"2023-08-09T17:04:30","date_gmt":"2023-08-09T15:04:30","guid":{"rendered":"http:\/\/190.105.228.148\/~mundoag\/?post_type=product&#038;p=25907"},"modified":"2026-03-30T00:09:54","modified_gmt":"2026-03-29T22:09:54","slug":"osmosis-inversa-800-gpd","status":"publish","type":"product","link":"https:\/\/mundoagua.com.uy\/index.php\/product\/osmosis-inversa-800-gpd\/","title":{"rendered":"Osmosis Inversa 800 GPD"},"content":{"rendered":"<h4><strong>Uso recomendado:<\/strong><\/h4>\n<p>La \u00f3smosis inversa es una soluci\u00f3n de tratamiento de agua ideal en la mayor\u00eda de las categor\u00edas de agua, a\u00fan con ars\u00e9nico, nitratos, nitritos, metales pesados, microorganismos (virus, bacterias, hongos, par\u00e1sitos) y salinidades elevadas (Hasta 1.500 mg\/l de S\u00f3lidos Disueltos Totales)<br \/>\nEquipo de Osmosis inversa 800 GPD de alta calidad.<br \/>\nCanilla de metal estilo Italiana.<br \/>\nEtapa 1: Cartucho de Polipropileno (PP) Para retenci\u00f3n de Part\u00edculas.<br \/>\nEtapa 2: Cartucho de Carb\u00f3n Activado Granular: Retenci\u00f3n de cloro y contaminantes org\u00e1nicos.<br \/>\nEtapa 3: Cartucho de Carb\u00f3n Activado en Bloque: Retenci\u00f3n de cloro y contaminantes org\u00e1nicos.<br \/>\nEtapa 4: Membrana de \u00d3smosis Inversa: Retenci\u00f3n de contaminantes inorg\u00e1nicos, Ars\u00e9nico, nitrato, nitrito, etc.<br \/>\nEtapa 5: Post-Filtro de Carb\u00f3n Activado Granular: Mejoramiento de sabor.<br \/>\nEtapa 6: Cartucho Alcalinizante: Estabilizaci\u00f3n de pH, remineralizaci\u00f3n leve.<br \/>\nEtapa 7: Esterilizador UV Led: Eliminaci\u00f3n de contaminaci\u00f3n microbiol\u00f3gica.<br \/>\nTransformador 24V 4,5\/5,0 A<br \/>\nMangueras, conexiones y accesorios de instalaci\u00f3n<\/p>\n<p><iframe loading=\"lazy\" title=\"YouTube video player\" src=\"https:\/\/www.youtube.com\/embed\/vW8pTsANBO0?si=HMVFP4Johp71Wxrg\" width=\"560\" height=\"315\" frameborder=\"0\" allowfullscreen=\"allowfullscreen\"><\/iframe><\/p>\n","protected":false},"excerpt":{"rendered":"<p>Uso recomendado: La \u00f3smosis inversa es una soluci\u00f3n de tratamiento de agua ideal en la mayor\u00eda de las categor\u00edas de agua, a\u00fan con ars\u00e9nico, nitratos, nitritos, metales pesados, microorganismos (virus, bacterias, hongos, par\u00e1sitos) y salinidades elevadas (Hasta 1.500 mg\/l de S\u00f3lidos Disueltos Totales)<br \/>\nEquipo de Osmosis inversa 800 GPD de alta calidad.<br \/>\nCanilla de metal estilo Italiana.<br \/>\nEtapa 1: Cartucho de Polipropileno (PP) Para retenci\u00f3n de Part\u00edculas.<br \/>\nEtapa 2: Cartucho de Carb\u00f3n Activado Granular: Retenci\u00f3n de cloro y contaminantes org\u00e1nicos.<br \/>\nEtapa 3: Cartucho de Carb\u00f3n Activado en Bloque: Retenci\u00f3n de cloro y contaminantes org\u00e1nicos.<br \/>\nEtapa 4: Membrana de \u00d3smosis Inversa: Retenci\u00f3n de contaminantes inorg\u00e1nicos, Ars\u00e9nico, nitrato, nitrito, etc.<br \/>\nEtapa 5: Post-Filtro de Carb\u00f3n Activado Granular: Mejoramiento de sabor.<br \/>\nEtapa 6: Cartucho Alcalinizante: Estabilizaci\u00f3n de pH, remineralizaci\u00f3n leve.<br \/>\nEtapa 7: Esterilizador UV Led: Eliminaci\u00f3n de contaminaci\u00f3n microbiol\u00f3gica.<br \/>\nTransformador 24V 4,5\/5,0 A<br \/>\nMangueras, conexiones y accesorios de instalaci\u00f3n<\/p>\n<p>&nbsp;<\/p>\n","protected":false},"featured_media":27197,"comment_status":"open","ping_status":"closed","template":"","meta":{"_tbt_post_transparent":"default","_tbt_post_title":"","_tbt_post_layout":"default","_tbt_post_sidebar_id":"","_tbt_post_content_style":"default","_tbt_post_vertical_padding":"default","_tbt_post_feature":"","_tbt_post_feature_position":"","_tbt_post_header":false,"_tbt_post_footer":false,"_joinchat":[]},"product_brand":[],"product_cat":[104,77],"product_tag":[86],"class_list":{"0":"post-25907","1":"product","2":"type-product","3":"status-publish","4":"has-post-thumbnail","6":"product_cat-productosdestacados","7":"product_cat-purificador-bajo-mesada","8":"product_tag-vital-water","10":"first","11":"instock","12":"taxable","13":"shipping-taxable","14":"purchasable","15":"product-type-simple","16":"entry","17":"content-bg","18":"loop-entry"},"_links":{"self":[{"href":"https:\/\/mundoagua.com.uy\/index.php\/wp-json\/wp\/v2\/product\/25907","targetHints":{"allow":["GET"]}}],"collection":[{"href":"https:\/\/mundoagua.com.uy\/index.php\/wp-json\/wp\/v2\/product"}],"about":[{"href":"https:\/\/mundoagua.com.uy\/index.php\/wp-json\/wp\/v2\/types\/product"}],"replies":[{"embeddable":true,"href":"https:\/\/mundoagua.com.uy\/index.php\/wp-json\/wp\/v2\/comments?post=25907"}],"version-history":[{"count":10,"href":"https:\/\/mundoagua.com.uy\/index.php\/wp-json\/wp\/v2\/product\/25907\/revisions"}],"predecessor-version":[{"id":27125,"href":"https:\/\/mundoagua.com.uy\/index.php\/wp-json\/wp\/v2\/product\/25907\/revisions\/27125"}],"wp:featuredmedia":[{"embeddable":true,"href":"https:\/\/mundoagua.com.uy\/index.php\/wp-json\/wp\/v2\/media\/27197"}],"wp:attachment":[{"href":"https:\/\/mundoagua.com.uy\/index.php\/wp-json\/wp\/v2\/media?parent=25907"}],"wp:term":[{"taxonomy":"product_brand","embeddable":true,"href":"https:\/\/mundoagua.com.uy\/index.php\/wp-json\/wp\/v2\/product_brand?post=25907"},{"taxonomy":"product_cat","embeddable":true,"href":"https:\/\/mundoagua.com.uy\/index.php\/wp-json\/wp\/v2\/product_cat?post=25907"},{"taxonomy":"product_tag","embeddable":true,"href":"https:\/\/mundoagua.com.uy\/index.php\/wp-json\/wp\/v2\/product_tag?post=25907"}],"curies":[{"name":"wp","href":"https:\/\/api.w.org\/{rel}","templated":true}]}}