{"id":26099,"date":"2023-08-23T13:59:34","date_gmt":"2023-08-23T11:59:34","guid":{"rendered":"http:\/\/190.105.228.148\/~mundoag\/?post_type=product&#038;p=26099"},"modified":"2025-05-20T21:26:11","modified_gmt":"2025-05-20T19:26:11","slug":"grifo-7604","status":"publish","type":"product","link":"https:\/\/mundoagua.com.uy\/index.php\/product\/grifo-7604\/","title":{"rendered":"GRIFO 3 V\u00cdAS RECTO PARA PURIFICADOR BAJO MESA (COD: SW-7604)"},"content":{"rendered":"<p>Grifo recto de 3 v\u00edas para agua de la red fr\u00eda, caliente y agua purificada. Un dise\u00f1o elegante y de buena calidad a la hora de elegir. Sustituye el grifo convencional y proporciona comodidad. Gira 360\u00ba y tiene 1 a\u00f1o de garant\u00eda.<\/p>\n","protected":false},"excerpt":{"rendered":"<p>Grifo recto de 3 v\u00edas para agua de la red fr\u00eda, caliente y agua purificada. Un dise\u00f1o elegante y de buena calidad a la hora de elegir. Sustituye el grifo convencional y proporciona comodidad. Gira 360\u00ba y tiene 1 a\u00f1o de garant\u00eda.<\/p>\n<p><img loading=\"lazy\" decoding=\"async\" class=\"alignnone size-medium wp-image-26691\" src=\"http:\/\/190.105.228.148\/~mundoag\/wp-content\/uploads\/2023\/10\/pagando-OCA-20-DTO-300x44.jpg\" alt=\"\" width=\"300\" height=\"44\" srcset=\"https:\/\/mundoagua.com.uy\/wp-content\/uploads\/2023\/10\/pagando-OCA-20-DTO-300x44.jpg 300w, https:\/\/mundoagua.com.uy\/wp-content\/uploads\/2023\/10\/pagando-OCA-20-DTO.jpg 400w\" sizes=\"auto, (max-width: 300px) 100vw, 300px\" \/><\/p>\n","protected":false},"featured_media":26574,"comment_status":"open","ping_status":"closed","template":"","meta":{"_tbt_post_transparent":"default","_tbt_post_title":"","_tbt_post_layout":"default","_tbt_post_sidebar_id":"","_tbt_post_content_style":"default","_tbt_post_vertical_padding":"default","_tbt_post_feature":"","_tbt_post_feature_position":"","_tbt_post_header":false,"_tbt_post_footer":false,"_joinchat":[]},"product_brand":[],"product_cat":[104,81],"product_tag":[],"class_list":{"0":"post-26099","1":"product","2":"type-product","3":"status-publish","4":"has-post-thumbnail","6":"product_cat-productosdestacados","7":"product_cat-grifos","9":"first","10":"instock","11":"taxable","12":"shipping-taxable","13":"purchasable","14":"product-type-simple","15":"entry","16":"content-bg","17":"loop-entry"},"_links":{"self":[{"href":"https:\/\/mundoagua.com.uy\/index.php\/wp-json\/wp\/v2\/product\/26099","targetHints":{"allow":["GET"]}}],"collection":[{"href":"https:\/\/mundoagua.com.uy\/index.php\/wp-json\/wp\/v2\/product"}],"about":[{"href":"https:\/\/mundoagua.com.uy\/index.php\/wp-json\/wp\/v2\/types\/product"}],"replies":[{"embeddable":true,"href":"https:\/\/mundoagua.com.uy\/index.php\/wp-json\/wp\/v2\/comments?post=26099"}],"version-history":[{"count":4,"href":"https:\/\/mundoagua.com.uy\/index.php\/wp-json\/wp\/v2\/product\/26099\/revisions"}],"predecessor-version":[{"id":26720,"href":"https:\/\/mundoagua.com.uy\/index.php\/wp-json\/wp\/v2\/product\/26099\/revisions\/26720"}],"wp:featuredmedia":[{"embeddable":true,"href":"https:\/\/mundoagua.com.uy\/index.php\/wp-json\/wp\/v2\/media\/26574"}],"wp:attachment":[{"href":"https:\/\/mundoagua.com.uy\/index.php\/wp-json\/wp\/v2\/media?parent=26099"}],"wp:term":[{"taxonomy":"product_brand","embeddable":true,"href":"https:\/\/mundoagua.com.uy\/index.php\/wp-json\/wp\/v2\/product_brand?post=26099"},{"taxonomy":"product_cat","embeddable":true,"href":"https:\/\/mundoagua.com.uy\/index.php\/wp-json\/wp\/v2\/product_cat?post=26099"},{"taxonomy":"product_tag","embeddable":true,"href":"https:\/\/mundoagua.com.uy\/index.php\/wp-json\/wp\/v2\/product_tag?post=26099"}],"curies":[{"name":"wp","href":"https:\/\/api.w.org\/{rel}","templated":true}]}}