{"id":26101,"date":"2023-08-23T14:05:58","date_gmt":"2023-08-23T12:05:58","guid":{"rendered":"http:\/\/190.105.228.148\/~mundoag\/?post_type=product&#038;p=26101"},"modified":"2025-06-05T21:44:14","modified_gmt":"2025-06-05T19:44:14","slug":"grifo-sw-7622-a-black","status":"publish","type":"product","link":"https:\/\/mundoagua.com.uy\/index.php\/product\/grifo-sw-7622-a-black\/","title":{"rendered":"GRIFO 3 V\u00cdAS CURVO CON BOT\u00d3N PARA PURIFICADOR BAJO MESA (COD: SW-7622 chromo)"},"content":{"rendered":"<p>Grifo curvo con bot\u00f3n de 3 v\u00edas para agua de la red fr\u00eda, caliente y agua purificada. Un grifo cl\u00e1sico y elegante que combina con todos los estilos. Sustituye el grifo convencional y proporciona comodidad. Gira 360\u00ba y tiene 1 a\u00f1o de garant\u00eda.<\/p>\n","protected":false},"excerpt":{"rendered":"<p>Grifo curvo con bot\u00f3n de 3 v\u00edas para agua de la red fr\u00eda, caliente y agua purificada. Un grifo cl\u00e1sico y elegante que combina con todos los estilos. Sustituye el grifo convencional y proporciona comodidad. Gira 360\u00ba y tiene 1 a\u00f1o de garant\u00eda.<\/p>\n<p>&nbsp;<\/p>\n","protected":false},"featured_media":26867,"comment_status":"open","ping_status":"closed","template":"","meta":{"_tbt_post_transparent":"default","_tbt_post_title":"","_tbt_post_layout":"default","_tbt_post_sidebar_id":"","_tbt_post_content_style":"default","_tbt_post_vertical_padding":"default","_tbt_post_feature":"","_tbt_post_feature_position":"","_tbt_post_header":false,"_tbt_post_footer":false,"_joinchat":[]},"product_brand":[],"product_cat":[81],"product_tag":[],"class_list":{"0":"post-26101","1":"product","2":"type-product","3":"status-publish","4":"has-post-thumbnail","6":"product_cat-grifos","8":"first","9":"instock","10":"featured","11":"taxable","12":"shipping-taxable","13":"purchasable","14":"product-type-simple","15":"entry","16":"content-bg","17":"loop-entry"},"_links":{"self":[{"href":"https:\/\/mundoagua.com.uy\/index.php\/wp-json\/wp\/v2\/product\/26101","targetHints":{"allow":["GET"]}}],"collection":[{"href":"https:\/\/mundoagua.com.uy\/index.php\/wp-json\/wp\/v2\/product"}],"about":[{"href":"https:\/\/mundoagua.com.uy\/index.php\/wp-json\/wp\/v2\/types\/product"}],"replies":[{"embeddable":true,"href":"https:\/\/mundoagua.com.uy\/index.php\/wp-json\/wp\/v2\/comments?post=26101"}],"version-history":[{"count":6,"href":"https:\/\/mundoagua.com.uy\/index.php\/wp-json\/wp\/v2\/product\/26101\/revisions"}],"predecessor-version":[{"id":27299,"href":"https:\/\/mundoagua.com.uy\/index.php\/wp-json\/wp\/v2\/product\/26101\/revisions\/27299"}],"wp:featuredmedia":[{"embeddable":true,"href":"https:\/\/mundoagua.com.uy\/index.php\/wp-json\/wp\/v2\/media\/26867"}],"wp:attachment":[{"href":"https:\/\/mundoagua.com.uy\/index.php\/wp-json\/wp\/v2\/media?parent=26101"}],"wp:term":[{"taxonomy":"product_brand","embeddable":true,"href":"https:\/\/mundoagua.com.uy\/index.php\/wp-json\/wp\/v2\/product_brand?post=26101"},{"taxonomy":"product_cat","embeddable":true,"href":"https:\/\/mundoagua.com.uy\/index.php\/wp-json\/wp\/v2\/product_cat?post=26101"},{"taxonomy":"product_tag","embeddable":true,"href":"https:\/\/mundoagua.com.uy\/index.php\/wp-json\/wp\/v2\/product_tag?post=26101"}],"curies":[{"name":"wp","href":"https:\/\/api.w.org\/{rel}","templated":true}]}}