{"id":26152,"date":"2023-08-29T18:14:57","date_gmt":"2023-08-29T16:14:57","guid":{"rendered":"http:\/\/190.105.228.148\/~mundoag\/?post_type=product&#038;p=26152"},"modified":"2025-02-21T20:13:28","modified_gmt":"2025-02-21T19:13:28","slug":"purificador-sobremesa-gy300wf","status":"publish","type":"product","link":"https:\/\/mundoagua.com.uy\/index.php\/product\/purificador-sobremesa-gy300wf\/","title":{"rendered":"Purificador sobre mesada GoodYear"},"content":{"rendered":"<p>Purificador GoodYear importado por Mundoagua. Modelo sobre mesa con carcasa de pl\u00e1stico blanco libre de BPA. Filtro interno de cer\u00e1mica y carb\u00f3n 100% BIODEGRADABLE. Se cambia el filtro de 10 a 12 meses. Evita el consumo de bidones de agua y desechos pl\u00e1sticos. Producto amigable con el medioambiente (Eco Friendly).<\/p>\n<p>&nbsp;<\/p>\n","protected":false},"excerpt":{"rendered":"<p>Purificador GoodYear importado por Mundoagua. Modelo sobre mesa con carcasa de pl\u00e1stico blanco libre de BPA. Filtro interno de cer\u00e1mica y carb\u00f3n 100% BIODEGRADABLE. Se cambia el filtro de 10 a 12 meses. Evita el consumo de bidones de agua y desechos pl\u00e1sticos. Producto amigable con el medioambiente (Eco Friendly).<\/p>\n<p>&nbsp;<\/p>\n","protected":false},"featured_media":27192,"comment_status":"open","ping_status":"closed","template":"","meta":{"_tbt_post_transparent":"default","_tbt_post_title":"","_tbt_post_layout":"default","_tbt_post_sidebar_id":"","_tbt_post_content_style":"default","_tbt_post_vertical_padding":"default","_tbt_post_feature":"","_tbt_post_feature_position":"","_tbt_post_header":false,"_tbt_post_footer":false,"_joinchat":[]},"product_brand":[],"product_cat":[76],"product_tag":[],"class_list":{"0":"post-26152","1":"product","2":"type-product","3":"status-publish","4":"has-post-thumbnail","6":"product_cat-purificador-sobremesa","8":"first","9":"instock","10":"taxable","11":"shipping-taxable","12":"purchasable","13":"product-type-simple","14":"entry","15":"content-bg","16":"loop-entry"},"_links":{"self":[{"href":"https:\/\/mundoagua.com.uy\/index.php\/wp-json\/wp\/v2\/product\/26152","targetHints":{"allow":["GET"]}}],"collection":[{"href":"https:\/\/mundoagua.com.uy\/index.php\/wp-json\/wp\/v2\/product"}],"about":[{"href":"https:\/\/mundoagua.com.uy\/index.php\/wp-json\/wp\/v2\/types\/product"}],"replies":[{"embeddable":true,"href":"https:\/\/mundoagua.com.uy\/index.php\/wp-json\/wp\/v2\/comments?post=26152"}],"version-history":[{"count":10,"href":"https:\/\/mundoagua.com.uy\/index.php\/wp-json\/wp\/v2\/product\/26152\/revisions"}],"predecessor-version":[{"id":27494,"href":"https:\/\/mundoagua.com.uy\/index.php\/wp-json\/wp\/v2\/product\/26152\/revisions\/27494"}],"wp:featuredmedia":[{"embeddable":true,"href":"https:\/\/mundoagua.com.uy\/index.php\/wp-json\/wp\/v2\/media\/27192"}],"wp:attachment":[{"href":"https:\/\/mundoagua.com.uy\/index.php\/wp-json\/wp\/v2\/media?parent=26152"}],"wp:term":[{"taxonomy":"product_brand","embeddable":true,"href":"https:\/\/mundoagua.com.uy\/index.php\/wp-json\/wp\/v2\/product_brand?post=26152"},{"taxonomy":"product_cat","embeddable":true,"href":"https:\/\/mundoagua.com.uy\/index.php\/wp-json\/wp\/v2\/product_cat?post=26152"},{"taxonomy":"product_tag","embeddable":true,"href":"https:\/\/mundoagua.com.uy\/index.php\/wp-json\/wp\/v2\/product_tag?post=26152"}],"curies":[{"name":"wp","href":"https:\/\/api.w.org\/{rel}","templated":true}]}}