{"id":26426,"date":"2023-09-08T19:14:07","date_gmt":"2023-09-08T17:14:07","guid":{"rendered":"http:\/\/190.105.228.148\/~mundoag\/?post_type=product&#038;p=26426"},"modified":"2024-11-19T18:28:11","modified_gmt":"2024-11-19T17:28:11","slug":"filtro-ceramica-y-carbon-gy05wf","status":"publish","type":"product","link":"https:\/\/mundoagua.com.uy\/index.php\/product\/filtro-ceramica-y-carbon-gy05wf\/","title":{"rendered":"FILTRO CER\u00c1MICO GOODYEAR (COD: GY05WF)"},"content":{"rendered":"<p>Filtro de cer\u00e1mica y carb\u00f3n Goodyear. Compatible para purificador sobre o bajo mesa. Cer\u00e1mica de 0,5 micras, retiene bacterias, quistes, par\u00e1sitos, cloro y m\u00e1s, obteniendo as\u00ed agua totalmente purificada y de excelente sabor. Es biodegradable y la parte de la base se recicla. Producto amigable con el medioambiente (Eco Friendly). Recambio de 8 a 10 meses.<\/p>\n","protected":false},"excerpt":{"rendered":"<p>Filtro de cer\u00e1mica y carb\u00f3n Goodyear. Compatible para purificador sobre o bajo mesa. Cer\u00e1mica de 0,5 micras, retiene bacterias, quistes, par\u00e1sitos, cloro y m\u00e1s, obteniendo as\u00ed agua totalmente purificada y de excelente sabor. Es biodegradable y la parte de la base se recicla. Producto amigable con el medioambiente (Eco Friendly). Recambio de 8 a 10 meses.<\/p>\n<p>&nbsp;<\/p>\n","protected":false},"featured_media":26762,"comment_status":"open","ping_status":"closed","template":"","meta":{"_tbt_post_transparent":"default","_tbt_post_title":"","_tbt_post_layout":"default","_tbt_post_sidebar_id":"","_tbt_post_content_style":"default","_tbt_post_vertical_padding":"default","_tbt_post_feature":"","_tbt_post_feature_position":"","_tbt_post_header":false,"_tbt_post_footer":false,"_joinchat":[]},"product_brand":[],"product_cat":[78],"product_tag":[],"class_list":{"0":"post-26426","1":"product","2":"type-product","3":"status-publish","4":"has-post-thumbnail","6":"product_cat-filtros","8":"first","9":"outofstock","10":"taxable","11":"shipping-taxable","12":"purchasable","13":"product-type-simple","14":"entry","15":"content-bg","16":"loop-entry"},"_links":{"self":[{"href":"https:\/\/mundoagua.com.uy\/index.php\/wp-json\/wp\/v2\/product\/26426","targetHints":{"allow":["GET"]}}],"collection":[{"href":"https:\/\/mundoagua.com.uy\/index.php\/wp-json\/wp\/v2\/product"}],"about":[{"href":"https:\/\/mundoagua.com.uy\/index.php\/wp-json\/wp\/v2\/types\/product"}],"replies":[{"embeddable":true,"href":"https:\/\/mundoagua.com.uy\/index.php\/wp-json\/wp\/v2\/comments?post=26426"}],"version-history":[{"count":4,"href":"https:\/\/mundoagua.com.uy\/index.php\/wp-json\/wp\/v2\/product\/26426\/revisions"}],"predecessor-version":[{"id":26906,"href":"https:\/\/mundoagua.com.uy\/index.php\/wp-json\/wp\/v2\/product\/26426\/revisions\/26906"}],"wp:featuredmedia":[{"embeddable":true,"href":"https:\/\/mundoagua.com.uy\/index.php\/wp-json\/wp\/v2\/media\/26762"}],"wp:attachment":[{"href":"https:\/\/mundoagua.com.uy\/index.php\/wp-json\/wp\/v2\/media?parent=26426"}],"wp:term":[{"taxonomy":"product_brand","embeddable":true,"href":"https:\/\/mundoagua.com.uy\/index.php\/wp-json\/wp\/v2\/product_brand?post=26426"},{"taxonomy":"product_cat","embeddable":true,"href":"https:\/\/mundoagua.com.uy\/index.php\/wp-json\/wp\/v2\/product_cat?post=26426"},{"taxonomy":"product_tag","embeddable":true,"href":"https:\/\/mundoagua.com.uy\/index.php\/wp-json\/wp\/v2\/product_tag?post=26426"}],"curies":[{"name":"wp","href":"https:\/\/api.w.org\/{rel}","templated":true}]}}