{"id":26465,"date":"2023-09-11T17:45:24","date_gmt":"2023-09-11T15:45:24","guid":{"rendered":"http:\/\/190.105.228.148\/~mundoag\/?post_type=product&#038;p=26465"},"modified":"2025-02-21T19:08:02","modified_gmt":"2025-02-21T18:08:02","slug":"filtro-de-carbon","status":"publish","type":"product","link":"https:\/\/mundoagua.com.uy\/index.php\/product\/filtro-de-carbon\/","title":{"rendered":"FILTRO DE CARB\u00d3N CLEAN (COD: FRCARB\u00d3NCL)"},"content":{"rendered":"<p>Filtro de carb\u00f3n en bloque para purificador sobre o bajo mesa. Recomendado para lugares con poca presi\u00f3n y bajo caudal de agua potable. Retiene el 100% el cloro y deja el agua lista para el consumo. Recambio de 6 a 8 meses.<\/p>\n","protected":false},"excerpt":{"rendered":"<p>Filtro de carb\u00f3n en bloque para purificador sobre o bajo mesa. Recomendado para lugares con poca presi\u00f3n y bajo caudal de agua potable. Retiene el 100% el cloro y deja el agua lista para el consumo. Recambio de 6 a 8 meses.<\/p>\n<p>&nbsp;<\/p>\n","protected":false},"featured_media":26466,"comment_status":"open","ping_status":"closed","template":"","meta":{"_tbt_post_transparent":"default","_tbt_post_title":"","_tbt_post_layout":"default","_tbt_post_sidebar_id":"","_tbt_post_content_style":"default","_tbt_post_vertical_padding":"default","_tbt_post_feature":"","_tbt_post_feature_position":"","_tbt_post_header":false,"_tbt_post_footer":false,"_joinchat":[]},"product_brand":[],"product_cat":[78],"product_tag":[],"class_list":{"0":"post-26465","1":"product","2":"type-product","3":"status-publish","4":"has-post-thumbnail","6":"product_cat-filtros","8":"first","9":"instock","10":"taxable","11":"shipping-taxable","12":"purchasable","13":"product-type-simple","14":"entry","15":"content-bg","16":"loop-entry"},"_links":{"self":[{"href":"https:\/\/mundoagua.com.uy\/index.php\/wp-json\/wp\/v2\/product\/26465","targetHints":{"allow":["GET"]}}],"collection":[{"href":"https:\/\/mundoagua.com.uy\/index.php\/wp-json\/wp\/v2\/product"}],"about":[{"href":"https:\/\/mundoagua.com.uy\/index.php\/wp-json\/wp\/v2\/types\/product"}],"replies":[{"embeddable":true,"href":"https:\/\/mundoagua.com.uy\/index.php\/wp-json\/wp\/v2\/comments?post=26465"}],"version-history":[{"count":4,"href":"https:\/\/mundoagua.com.uy\/index.php\/wp-json\/wp\/v2\/product\/26465\/revisions"}],"predecessor-version":[{"id":26905,"href":"https:\/\/mundoagua.com.uy\/index.php\/wp-json\/wp\/v2\/product\/26465\/revisions\/26905"}],"wp:featuredmedia":[{"embeddable":true,"href":"https:\/\/mundoagua.com.uy\/index.php\/wp-json\/wp\/v2\/media\/26466"}],"wp:attachment":[{"href":"https:\/\/mundoagua.com.uy\/index.php\/wp-json\/wp\/v2\/media?parent=26465"}],"wp:term":[{"taxonomy":"product_brand","embeddable":true,"href":"https:\/\/mundoagua.com.uy\/index.php\/wp-json\/wp\/v2\/product_brand?post=26465"},{"taxonomy":"product_cat","embeddable":true,"href":"https:\/\/mundoagua.com.uy\/index.php\/wp-json\/wp\/v2\/product_cat?post=26465"},{"taxonomy":"product_tag","embeddable":true,"href":"https:\/\/mundoagua.com.uy\/index.php\/wp-json\/wp\/v2\/product_tag?post=26465"}],"curies":[{"name":"wp","href":"https:\/\/api.w.org\/{rel}","templated":true}]}}