{"id":26625,"date":"2023-10-09T16:51:32","date_gmt":"2023-10-09T14:51:32","guid":{"rendered":"http:\/\/190.105.228.148\/~mundoag\/?post_type=product&#038;p=26625"},"modified":"2026-02-09T20:50:10","modified_gmt":"2026-02-09T19:50:10","slug":"purificador-bajo-mesa-blanco-clean-cod-bmwhitecl","status":"publish","type":"product","link":"https:\/\/mundoagua.com.uy\/index.php\/product\/purificador-bajo-mesa-blanco-clean-cod-bmwhitecl\/","title":{"rendered":"PURIFICADOR BAJO MESA BLANCO CLEAN (COD: BMWHITECL)"},"content":{"rendered":"<p>Purificador CLEAN bajo mesa blanco con filtro de carb\u00f3n. Carcasa de pl\u00e1stico blanco libre de BPA. Se cambia filtro de 10 a 12 meses. Evita el consumo de bidones de agua y desechos pl\u00e1sticos. Producto amigable con el medioambiente (Eco Friendly).<\/p>\n","protected":false},"excerpt":{"rendered":"<p>Purificador CLEAN bajo mesa blanco con filtro de carb\u00f3n. Carcasa de pl\u00e1stico blanco libre de BPA. Se cambia filtro de 6 a 8 meses. Evita el consumo de bidones de agua y desechos pl\u00e1sticos. Producto amigable con el medioambiente (Eco Friendly).<\/p>\n<p>&nbsp;<\/p>\n","protected":false},"featured_media":26473,"comment_status":"open","ping_status":"closed","template":"","meta":{"_tbt_post_transparent":"default","_tbt_post_title":"","_tbt_post_layout":"default","_tbt_post_sidebar_id":"","_tbt_post_content_style":"default","_tbt_post_vertical_padding":"default","_tbt_post_feature":"","_tbt_post_feature_position":"","_tbt_post_header":false,"_tbt_post_footer":false,"_joinchat":[]},"product_brand":[],"product_cat":[77],"product_tag":[],"class_list":{"0":"post-26625","1":"product","2":"type-product","3":"status-publish","4":"has-post-thumbnail","6":"product_cat-purificador-bajo-mesada","8":"first","9":"outofstock","10":"taxable","11":"shipping-taxable","12":"purchasable","13":"product-type-simple","14":"entry","15":"content-bg","16":"loop-entry"},"_links":{"self":[{"href":"https:\/\/mundoagua.com.uy\/index.php\/wp-json\/wp\/v2\/product\/26625","targetHints":{"allow":["GET"]}}],"collection":[{"href":"https:\/\/mundoagua.com.uy\/index.php\/wp-json\/wp\/v2\/product"}],"about":[{"href":"https:\/\/mundoagua.com.uy\/index.php\/wp-json\/wp\/v2\/types\/product"}],"replies":[{"embeddable":true,"href":"https:\/\/mundoagua.com.uy\/index.php\/wp-json\/wp\/v2\/comments?post=26625"}],"version-history":[{"count":4,"href":"https:\/\/mundoagua.com.uy\/index.php\/wp-json\/wp\/v2\/product\/26625\/revisions"}],"predecessor-version":[{"id":27506,"href":"https:\/\/mundoagua.com.uy\/index.php\/wp-json\/wp\/v2\/product\/26625\/revisions\/27506"}],"wp:featuredmedia":[{"embeddable":true,"href":"https:\/\/mundoagua.com.uy\/index.php\/wp-json\/wp\/v2\/media\/26473"}],"wp:attachment":[{"href":"https:\/\/mundoagua.com.uy\/index.php\/wp-json\/wp\/v2\/media?parent=26625"}],"wp:term":[{"taxonomy":"product_brand","embeddable":true,"href":"https:\/\/mundoagua.com.uy\/index.php\/wp-json\/wp\/v2\/product_brand?post=26625"},{"taxonomy":"product_cat","embeddable":true,"href":"https:\/\/mundoagua.com.uy\/index.php\/wp-json\/wp\/v2\/product_cat?post=26625"},{"taxonomy":"product_tag","embeddable":true,"href":"https:\/\/mundoagua.com.uy\/index.php\/wp-json\/wp\/v2\/product_tag?post=26625"}],"curies":[{"name":"wp","href":"https:\/\/api.w.org\/{rel}","templated":true}]}}