{"id":26948,"date":"2024-02-26T20:37:04","date_gmt":"2024-02-26T19:37:04","guid":{"rendered":"http:\/\/190.105.228.148\/~mundoag\/?post_type=product&#038;p=26948"},"modified":"2025-11-13T19:47:06","modified_gmt":"2025-11-13T18:47:06","slug":"botella-soda-pampa-1lt","status":"publish","type":"product","link":"https:\/\/mundoagua.com.uy\/index.php\/product\/botella-soda-pampa-1lt\/","title":{"rendered":"Botella Soda Pampa 1Lt"},"content":{"rendered":"<p>Botella de 1 Lt. de capacidad.<\/p>\n<p>Compatibles con la m\u00e1quina gasificadora modelo Pampa.<\/p>\n<p>Elaborada con pl\u00e1stico PET de alta calidad.<\/p>\n<p>Su material es libre de BPA.<\/p>\n<p>Es reutilizable hasta 3 a\u00f1os.<\/p>\n<p>Esta botella es ideal para mantener la temperatura del agua en la heladera por su material.<\/p>\n<p>Conserva el gas durante semanas ya que su tapa posee un refuerzo de silicona que sella el contenido y evita la perdida del gas.<\/p>\n","protected":false},"excerpt":{"rendered":"<p>Botella de 1 Lt. de capacidad. Compatibles con la m\u00e1quina gasificadora modelo Pampa. Elaborada con pl\u00e1stico PET de alta calidad. Su material es libre de BPA. Es reutilizable hasta 3 a\u00f1os. Esta botella es ideal para mantener la temperatura del agua en la heladera por su material. Conserva el gas durante semanas ya que su&#8230;<\/p>\n","protected":false},"featured_media":26950,"comment_status":"open","ping_status":"closed","template":"","meta":{"_tbt_post_transparent":"default","_tbt_post_title":"","_tbt_post_layout":"default","_tbt_post_sidebar_id":"","_tbt_post_content_style":"default","_tbt_post_vertical_padding":"default","_tbt_post_feature":"","_tbt_post_feature_position":"","_tbt_post_header":false,"_tbt_post_footer":false,"_joinchat":[]},"product_brand":[],"product_cat":[103,15],"product_tag":[],"class_list":{"0":"post-26948","1":"product","2":"type-product","3":"status-publish","4":"has-post-thumbnail","6":"product_cat-gasificadoras","7":"product_cat-todas","9":"first","10":"outofstock","11":"taxable","12":"shipping-taxable","13":"purchasable","14":"product-type-simple","15":"entry","16":"content-bg","17":"loop-entry"},"_links":{"self":[{"href":"https:\/\/mundoagua.com.uy\/index.php\/wp-json\/wp\/v2\/product\/26948","targetHints":{"allow":["GET"]}}],"collection":[{"href":"https:\/\/mundoagua.com.uy\/index.php\/wp-json\/wp\/v2\/product"}],"about":[{"href":"https:\/\/mundoagua.com.uy\/index.php\/wp-json\/wp\/v2\/types\/product"}],"replies":[{"embeddable":true,"href":"https:\/\/mundoagua.com.uy\/index.php\/wp-json\/wp\/v2\/comments?post=26948"}],"version-history":[{"count":2,"href":"https:\/\/mundoagua.com.uy\/index.php\/wp-json\/wp\/v2\/product\/26948\/revisions"}],"predecessor-version":[{"id":27001,"href":"https:\/\/mundoagua.com.uy\/index.php\/wp-json\/wp\/v2\/product\/26948\/revisions\/27001"}],"wp:featuredmedia":[{"embeddable":true,"href":"https:\/\/mundoagua.com.uy\/index.php\/wp-json\/wp\/v2\/media\/26950"}],"wp:attachment":[{"href":"https:\/\/mundoagua.com.uy\/index.php\/wp-json\/wp\/v2\/media?parent=26948"}],"wp:term":[{"taxonomy":"product_brand","embeddable":true,"href":"https:\/\/mundoagua.com.uy\/index.php\/wp-json\/wp\/v2\/product_brand?post=26948"},{"taxonomy":"product_cat","embeddable":true,"href":"https:\/\/mundoagua.com.uy\/index.php\/wp-json\/wp\/v2\/product_cat?post=26948"},{"taxonomy":"product_tag","embeddable":true,"href":"https:\/\/mundoagua.com.uy\/index.php\/wp-json\/wp\/v2\/product_tag?post=26948"}],"curies":[{"name":"wp","href":"https:\/\/api.w.org\/{rel}","templated":true}]}}