{"id":26960,"date":"2024-02-26T20:56:15","date_gmt":"2024-02-26T19:56:15","guid":{"rendered":"http:\/\/190.105.228.148\/~mundoag\/?post_type=product&#038;p=26960"},"modified":"2025-02-21T18:14:48","modified_gmt":"2025-02-21T17:14:48","slug":"recambio-de-cilindro-de-co2","status":"publish","type":"product","link":"https:\/\/mundoagua.com.uy\/index.php\/product\/recambio-de-cilindro-de-co2\/","title":{"rendered":"Recambio de cilindro de CO2"},"content":{"rendered":"","protected":false},"excerpt":{"rendered":"<p>Los recambios se entregan a cambio de un cilindro vac\u00edo. Es compatible con todos los cilindros de v\u00e1lvula a rosca. Nuestros cilindros gasificadores est\u00e1n fabricados de aluminio no cosido ; son compatibles con todaslas maquinas de soda del mercado. El gasificador est\u00e1 disponible en un \u00fanico tama\u00f1o de 60 litros.<\/p>\n","protected":false},"featured_media":26961,"comment_status":"open","ping_status":"closed","template":"","meta":{"_tbt_post_transparent":"default","_tbt_post_title":"","_tbt_post_layout":"default","_tbt_post_sidebar_id":"","_tbt_post_content_style":"default","_tbt_post_vertical_padding":"default","_tbt_post_feature":"","_tbt_post_feature_position":"","_tbt_post_header":false,"_tbt_post_footer":false,"_joinchat":[]},"product_brand":[],"product_cat":[103,15],"product_tag":[],"class_list":{"0":"post-26960","1":"product","2":"type-product","3":"status-publish","4":"has-post-thumbnail","6":"product_cat-gasificadoras","7":"product_cat-todas","9":"first","10":"instock","11":"taxable","12":"shipping-taxable","13":"purchasable","14":"product-type-simple","15":"entry","16":"content-bg","17":"loop-entry"},"_links":{"self":[{"href":"https:\/\/mundoagua.com.uy\/index.php\/wp-json\/wp\/v2\/product\/26960","targetHints":{"allow":["GET"]}}],"collection":[{"href":"https:\/\/mundoagua.com.uy\/index.php\/wp-json\/wp\/v2\/product"}],"about":[{"href":"https:\/\/mundoagua.com.uy\/index.php\/wp-json\/wp\/v2\/types\/product"}],"replies":[{"embeddable":true,"href":"https:\/\/mundoagua.com.uy\/index.php\/wp-json\/wp\/v2\/comments?post=26960"}],"version-history":[{"count":1,"href":"https:\/\/mundoagua.com.uy\/index.php\/wp-json\/wp\/v2\/product\/26960\/revisions"}],"predecessor-version":[{"id":26962,"href":"https:\/\/mundoagua.com.uy\/index.php\/wp-json\/wp\/v2\/product\/26960\/revisions\/26962"}],"wp:featuredmedia":[{"embeddable":true,"href":"https:\/\/mundoagua.com.uy\/index.php\/wp-json\/wp\/v2\/media\/26961"}],"wp:attachment":[{"href":"https:\/\/mundoagua.com.uy\/index.php\/wp-json\/wp\/v2\/media?parent=26960"}],"wp:term":[{"taxonomy":"product_brand","embeddable":true,"href":"https:\/\/mundoagua.com.uy\/index.php\/wp-json\/wp\/v2\/product_brand?post=26960"},{"taxonomy":"product_cat","embeddable":true,"href":"https:\/\/mundoagua.com.uy\/index.php\/wp-json\/wp\/v2\/product_cat?post=26960"},{"taxonomy":"product_tag","embeddable":true,"href":"https:\/\/mundoagua.com.uy\/index.php\/wp-json\/wp\/v2\/product_tag?post=26960"}],"curies":[{"name":"wp","href":"https:\/\/api.w.org\/{rel}","templated":true}]}}