{"id":27138,"date":"2024-05-27T21:54:13","date_gmt":"2024-05-27T19:54:13","guid":{"rendered":"http:\/\/190.105.228.148\/~mundoag\/?post_type=product&#038;p=27138"},"modified":"2025-02-21T16:23:13","modified_gmt":"2025-02-21T15:23:13","slug":"cartucho-big-blue-carbon-granular","status":"publish","type":"product","link":"https:\/\/mundoagua.com.uy\/index.php\/product\/cartucho-big-blue-carbon-granular\/","title":{"rendered":"Cartucho Big Blue Carb\u00f3n granular"},"content":{"rendered":"<p>El filtro de CARB\u00d3N GAC (carb\u00f3n granulado) de 20 pulgadas es compatible con el purificador para entrada del hogar BIG BLUE y retiene venenos org\u00e1nicos, como plaguicidas, pesticidas y herbicidas, metales pesados como plomo, cadmio y mercurio.<\/p>\n<p>Duraci\u00f3n del filtro 80.000 L 15 a 18 meses<\/p>\n","protected":false},"excerpt":{"rendered":"<p>El filtro de CARB\u00d3N GAC (carb\u00f3n granulado) de 20 pulgadas es compatible con el purificador para entrada del hogar BIG BLUE y retiene venenos org\u00e1nicos, como plaguicidas, pesticidas y herbicidas, metales pesados como plomo, cadmio y mercurio.<\/p>\n<p>Duraci\u00f3n del filtro 80.000 L 15 a 18 meses<\/p>\n","protected":false},"featured_media":27139,"comment_status":"open","ping_status":"closed","template":"","meta":{"_tbt_post_transparent":"default","_tbt_post_title":"","_tbt_post_layout":"default","_tbt_post_sidebar_id":"","_tbt_post_content_style":"default","_tbt_post_vertical_padding":"default","_tbt_post_feature":"","_tbt_post_feature_position":"","_tbt_post_header":false,"_tbt_post_footer":false,"_joinchat":[]},"product_brand":[],"product_cat":[78],"product_tag":[],"class_list":{"0":"post-27138","1":"product","2":"type-product","3":"status-publish","4":"has-post-thumbnail","6":"product_cat-filtros","8":"first","9":"instock","10":"taxable","11":"shipping-taxable","12":"purchasable","13":"product-type-simple","14":"entry","15":"content-bg","16":"loop-entry"},"_links":{"self":[{"href":"https:\/\/mundoagua.com.uy\/index.php\/wp-json\/wp\/v2\/product\/27138","targetHints":{"allow":["GET"]}}],"collection":[{"href":"https:\/\/mundoagua.com.uy\/index.php\/wp-json\/wp\/v2\/product"}],"about":[{"href":"https:\/\/mundoagua.com.uy\/index.php\/wp-json\/wp\/v2\/types\/product"}],"replies":[{"embeddable":true,"href":"https:\/\/mundoagua.com.uy\/index.php\/wp-json\/wp\/v2\/comments?post=27138"}],"version-history":[{"count":1,"href":"https:\/\/mundoagua.com.uy\/index.php\/wp-json\/wp\/v2\/product\/27138\/revisions"}],"predecessor-version":[{"id":27140,"href":"https:\/\/mundoagua.com.uy\/index.php\/wp-json\/wp\/v2\/product\/27138\/revisions\/27140"}],"wp:featuredmedia":[{"embeddable":true,"href":"https:\/\/mundoagua.com.uy\/index.php\/wp-json\/wp\/v2\/media\/27139"}],"wp:attachment":[{"href":"https:\/\/mundoagua.com.uy\/index.php\/wp-json\/wp\/v2\/media?parent=27138"}],"wp:term":[{"taxonomy":"product_brand","embeddable":true,"href":"https:\/\/mundoagua.com.uy\/index.php\/wp-json\/wp\/v2\/product_brand?post=27138"},{"taxonomy":"product_cat","embeddable":true,"href":"https:\/\/mundoagua.com.uy\/index.php\/wp-json\/wp\/v2\/product_cat?post=27138"},{"taxonomy":"product_tag","embeddable":true,"href":"https:\/\/mundoagua.com.uy\/index.php\/wp-json\/wp\/v2\/product_tag?post=27138"}],"curies":[{"name":"wp","href":"https:\/\/api.w.org\/{rel}","templated":true}]}}