{"id":27563,"date":"2025-05-20T21:29:17","date_gmt":"2025-05-20T19:29:17","guid":{"rendered":"https:\/\/mundoagua.com.uy\/?post_type=product&#038;p=27563"},"modified":"2025-05-20T21:32:55","modified_gmt":"2025-05-20T19:32:55","slug":"grifo-3-vias-negro-curvo-para-purificador-bajo-mesa-cod-sw-7605bl","status":"publish","type":"product","link":"https:\/\/mundoagua.com.uy\/index.php\/product\/grifo-3-vias-negro-curvo-para-purificador-bajo-mesa-cod-sw-7605bl\/","title":{"rendered":"GRIFO 3 V\u00cdAS NEGRO CURVO PARA PURIFICADOR BAJO MESA (COD:\u00a0SW-7605BL)"},"content":{"rendered":"<p>Descripci\u00f3n: Grifo curvo de 3 v\u00edas para agua de la red fr\u00eda, caliente y agua purificada. Un grifo cl\u00e1sico y elegante que combina con todos los estilos. Sustituye el grifo convencional y proporciona comodidad. Gira 360\u00ba y tiene 1 a\u00f1o de garant\u00eda.<\/p>\n","protected":false},"excerpt":{"rendered":"<p>Descripci\u00f3n: Grifo curvo de 3 v\u00edas para agua de la red fr\u00eda, caliente y agua purificada. Un grifo cl\u00e1sico y elegante que combina con todos los estilos. Sustituye el grifo convencional y proporciona comodidad. Gira 360\u00ba y tiene 1 a\u00f1o de garant\u00eda.<\/p>\n","protected":false},"featured_media":27566,"comment_status":"open","ping_status":"closed","template":"","meta":{"_tbt_post_transparent":"default","_tbt_post_title":"","_tbt_post_layout":"default","_tbt_post_sidebar_id":"","_tbt_post_content_style":"default","_tbt_post_vertical_padding":"default","_tbt_post_feature":"","_tbt_post_feature_position":"","_tbt_post_header":false,"_tbt_post_footer":false,"_joinchat":[]},"product_brand":[],"product_cat":[15,81],"product_tag":[],"class_list":{"0":"post-27563","1":"product","2":"type-product","3":"status-publish","4":"has-post-thumbnail","6":"product_cat-todas","7":"product_cat-grifos","9":"first","10":"instock","11":"taxable","12":"shipping-taxable","13":"purchasable","14":"product-type-simple","15":"entry","16":"content-bg","17":"loop-entry"},"_links":{"self":[{"href":"https:\/\/mundoagua.com.uy\/index.php\/wp-json\/wp\/v2\/product\/27563","targetHints":{"allow":["GET"]}}],"collection":[{"href":"https:\/\/mundoagua.com.uy\/index.php\/wp-json\/wp\/v2\/product"}],"about":[{"href":"https:\/\/mundoagua.com.uy\/index.php\/wp-json\/wp\/v2\/types\/product"}],"replies":[{"embeddable":true,"href":"https:\/\/mundoagua.com.uy\/index.php\/wp-json\/wp\/v2\/comments?post=27563"}],"version-history":[{"count":2,"href":"https:\/\/mundoagua.com.uy\/index.php\/wp-json\/wp\/v2\/product\/27563\/revisions"}],"predecessor-version":[{"id":27567,"href":"https:\/\/mundoagua.com.uy\/index.php\/wp-json\/wp\/v2\/product\/27563\/revisions\/27567"}],"wp:featuredmedia":[{"embeddable":true,"href":"https:\/\/mundoagua.com.uy\/index.php\/wp-json\/wp\/v2\/media\/27566"}],"wp:attachment":[{"href":"https:\/\/mundoagua.com.uy\/index.php\/wp-json\/wp\/v2\/media?parent=27563"}],"wp:term":[{"taxonomy":"product_brand","embeddable":true,"href":"https:\/\/mundoagua.com.uy\/index.php\/wp-json\/wp\/v2\/product_brand?post=27563"},{"taxonomy":"product_cat","embeddable":true,"href":"https:\/\/mundoagua.com.uy\/index.php\/wp-json\/wp\/v2\/product_cat?post=27563"},{"taxonomy":"product_tag","embeddable":true,"href":"https:\/\/mundoagua.com.uy\/index.php\/wp-json\/wp\/v2\/product_tag?post=27563"}],"curies":[{"name":"wp","href":"https:\/\/api.w.org\/{rel}","templated":true}]}}