{"id":27571,"date":"2025-05-20T21:35:53","date_gmt":"2025-05-20T19:35:53","guid":{"rendered":"https:\/\/mundoagua.com.uy\/?post_type=product&#038;p=27571"},"modified":"2025-05-20T21:35:53","modified_gmt":"2025-05-20T19:35:53","slug":"grifo-negro-de-3-vias-con-un-comando-sw-7629-bl","status":"publish","type":"product","link":"https:\/\/mundoagua.com.uy\/index.php\/product\/grifo-negro-de-3-vias-con-un-comando-sw-7629-bl\/","title":{"rendered":"Grifo Negro de 3 V\u00edas con UN Comando \u2013 SW 7629 BL"},"content":{"rendered":"<p>Dise\u00f1o moderno y funcional en un solo grifo. El modelo SW 7629 BL permite el uso de agua fr\u00eda, caliente y purificada desde una sola salida, con un elegante acabado negro mate. Su comando ergon\u00f3mico ofrece control preciso y su construcci\u00f3n robusta asegura durabilidad y estilo\u00a0en\u00a0la\u00a0cocina.<\/p>\n","protected":false},"excerpt":{"rendered":"<p>Dise\u00f1o moderno y funcional en un solo grifo. El modelo SW 7629 BL permite el uso de agua fr\u00eda, caliente y purificada desde una sola salida, con un elegante acabado negro mate. Su comando ergon\u00f3mico ofrece control preciso y su construcci\u00f3n robusta asegura durabilidad y estilo\u00a0en\u00a0la\u00a0cocina.<\/p>\n","protected":false},"featured_media":27572,"comment_status":"open","ping_status":"closed","template":"","meta":{"_tbt_post_transparent":"default","_tbt_post_title":"","_tbt_post_layout":"default","_tbt_post_sidebar_id":"","_tbt_post_content_style":"default","_tbt_post_vertical_padding":"default","_tbt_post_feature":"","_tbt_post_feature_position":"","_tbt_post_header":false,"_tbt_post_footer":false,"_joinchat":[]},"product_brand":[],"product_cat":[81],"product_tag":[],"class_list":{"0":"post-27571","1":"product","2":"type-product","3":"status-publish","4":"has-post-thumbnail","6":"product_cat-grifos","8":"first","9":"instock","10":"taxable","11":"shipping-taxable","12":"purchasable","13":"product-type-simple","14":"entry","15":"content-bg","16":"loop-entry"},"_links":{"self":[{"href":"https:\/\/mundoagua.com.uy\/index.php\/wp-json\/wp\/v2\/product\/27571","targetHints":{"allow":["GET"]}}],"collection":[{"href":"https:\/\/mundoagua.com.uy\/index.php\/wp-json\/wp\/v2\/product"}],"about":[{"href":"https:\/\/mundoagua.com.uy\/index.php\/wp-json\/wp\/v2\/types\/product"}],"replies":[{"embeddable":true,"href":"https:\/\/mundoagua.com.uy\/index.php\/wp-json\/wp\/v2\/comments?post=27571"}],"version-history":[{"count":1,"href":"https:\/\/mundoagua.com.uy\/index.php\/wp-json\/wp\/v2\/product\/27571\/revisions"}],"predecessor-version":[{"id":27573,"href":"https:\/\/mundoagua.com.uy\/index.php\/wp-json\/wp\/v2\/product\/27571\/revisions\/27573"}],"wp:featuredmedia":[{"embeddable":true,"href":"https:\/\/mundoagua.com.uy\/index.php\/wp-json\/wp\/v2\/media\/27572"}],"wp:attachment":[{"href":"https:\/\/mundoagua.com.uy\/index.php\/wp-json\/wp\/v2\/media?parent=27571"}],"wp:term":[{"taxonomy":"product_brand","embeddable":true,"href":"https:\/\/mundoagua.com.uy\/index.php\/wp-json\/wp\/v2\/product_brand?post=27571"},{"taxonomy":"product_cat","embeddable":true,"href":"https:\/\/mundoagua.com.uy\/index.php\/wp-json\/wp\/v2\/product_cat?post=27571"},{"taxonomy":"product_tag","embeddable":true,"href":"https:\/\/mundoagua.com.uy\/index.php\/wp-json\/wp\/v2\/product_tag?post=27571"}],"curies":[{"name":"wp","href":"https:\/\/api.w.org\/{rel}","templated":true}]}}