{"id":27574,"date":"2025-05-20T21:37:07","date_gmt":"2025-05-20T19:37:07","guid":{"rendered":"https:\/\/mundoagua.com.uy\/?post_type=product&#038;p=27574"},"modified":"2025-05-20T21:37:07","modified_gmt":"2025-05-20T19:37:07","slug":"grifo-recto-negro-de-3-vias-con-comando-sw-7610bl","status":"publish","type":"product","link":"https:\/\/mundoagua.com.uy\/index.php\/product\/grifo-recto-negro-de-3-vias-con-comando-sw-7610bl\/","title":{"rendered":"Grifo Recto Negro de 3 V\u00edas con Comando \u2013 SW 7610BL"},"content":{"rendered":"<p>Minimalismo y versatilidad en una sola pieza. El modelo SW 7610BL ofrece salida para agua fr\u00eda, caliente y purificada desde un dise\u00f1o recto y estilizado. Su acabado negro mate realza la est\u00e9tica de cualquier cocina moderna, mientras que su comando \u00fanico brinda practicidad y control en\u00a0el\u00a0uso\u00a0diario.<\/p>\n","protected":false},"excerpt":{"rendered":"<p>Minimalismo y versatilidad en una sola pieza. El modelo SW 7610BL ofrece salida para agua fr\u00eda, caliente y purificada desde un dise\u00f1o recto y estilizado. Su acabado negro mate realza la est\u00e9tica de cualquier cocina moderna, mientras que su comando \u00fanico brinda practicidad y control en\u00a0el\u00a0uso\u00a0diario.<\/p>\n","protected":false},"featured_media":27575,"comment_status":"open","ping_status":"closed","template":"","meta":{"_tbt_post_transparent":"default","_tbt_post_title":"","_tbt_post_layout":"default","_tbt_post_sidebar_id":"","_tbt_post_content_style":"default","_tbt_post_vertical_padding":"default","_tbt_post_feature":"","_tbt_post_feature_position":"","_tbt_post_header":false,"_tbt_post_footer":false,"_joinchat":[]},"product_brand":[],"product_cat":[81],"product_tag":[],"class_list":{"0":"post-27574","1":"product","2":"type-product","3":"status-publish","4":"has-post-thumbnail","6":"product_cat-grifos","8":"first","9":"instock","10":"taxable","11":"shipping-taxable","12":"purchasable","13":"product-type-simple","14":"entry","15":"content-bg","16":"loop-entry"},"_links":{"self":[{"href":"https:\/\/mundoagua.com.uy\/index.php\/wp-json\/wp\/v2\/product\/27574","targetHints":{"allow":["GET"]}}],"collection":[{"href":"https:\/\/mundoagua.com.uy\/index.php\/wp-json\/wp\/v2\/product"}],"about":[{"href":"https:\/\/mundoagua.com.uy\/index.php\/wp-json\/wp\/v2\/types\/product"}],"replies":[{"embeddable":true,"href":"https:\/\/mundoagua.com.uy\/index.php\/wp-json\/wp\/v2\/comments?post=27574"}],"version-history":[{"count":1,"href":"https:\/\/mundoagua.com.uy\/index.php\/wp-json\/wp\/v2\/product\/27574\/revisions"}],"predecessor-version":[{"id":27576,"href":"https:\/\/mundoagua.com.uy\/index.php\/wp-json\/wp\/v2\/product\/27574\/revisions\/27576"}],"wp:featuredmedia":[{"embeddable":true,"href":"https:\/\/mundoagua.com.uy\/index.php\/wp-json\/wp\/v2\/media\/27575"}],"wp:attachment":[{"href":"https:\/\/mundoagua.com.uy\/index.php\/wp-json\/wp\/v2\/media?parent=27574"}],"wp:term":[{"taxonomy":"product_brand","embeddable":true,"href":"https:\/\/mundoagua.com.uy\/index.php\/wp-json\/wp\/v2\/product_brand?post=27574"},{"taxonomy":"product_cat","embeddable":true,"href":"https:\/\/mundoagua.com.uy\/index.php\/wp-json\/wp\/v2\/product_cat?post=27574"},{"taxonomy":"product_tag","embeddable":true,"href":"https:\/\/mundoagua.com.uy\/index.php\/wp-json\/wp\/v2\/product_tag?post=27574"}],"curies":[{"name":"wp","href":"https:\/\/api.w.org\/{rel}","templated":true}]}}